{"id":8245,"date":"2025-02-07T10:25:56","date_gmt":"2025-02-07T10:25:56","guid":{"rendered":"http:\/\/localhost\/2\/?page_id=8245"},"modified":"2025-03-28T08:43:26","modified_gmt":"2025-03-28T08:43:26","slug":"museumsbutikken","status":"publish","type":"page","link":"https:\/\/l2eva.vip\/2\/besoeg-os-2\/museumsbutikken\/","title":{"rendered":"Museumsbutikken"},"content":{"rendered":"<p>P\u00e5 Immigrantmuseet har vi ikke en fysisk museumsbutik, men vi s\u00e6lger enkelte b\u00f8ger af relevans for indvandringshistorien p\u00e5 museet eller her p\u00e5 hjemmesiden. Du finder listen over b\u00f8ger nedenfor. Vi tager imod kontanter og MobilePay. Du er desuden altid meget velkommen til at l\u00e6gge vejen forbi vores bibliotek, hvor du finder masser af litteratur om vores indvandringshistorie.<\/p>\n","protected":false},"excerpt":{"rendered":"<p>P\u00e5 Immigrantmuseet har vi ikke en fysisk museumsbutik, men vi s\u00e6lger enkelte b\u00f8ger af relevans for indvandringshistorien p\u00e5 museet eller her p\u00e5 hjemmesiden. Du &#8230; <a title=\"Museumsbutikken\" class=\"read-more\" href=\"https:\/\/l2eva.vip\/2\/besoeg-os-2\/museumsbutikken\/\" aria-label=\"Read more about Museumsbutikken\">L\u00e6s mere <\/a><\/p>\n","protected":false},"author":2,"featured_media":2654,"parent":5431,"menu_order":0,"comment_status":"closed","ping_status":"closed","template":"templates\/builder-page-template.php","meta":{"_acf_changed":false,"footnotes":""},"class_list":["post-8245","page","type-page","status-publish","has-post-thumbnail"],"acf":[],"_links":{"self":[{"href":"https:\/\/l2eva.vip\/2\/wp-json\/wp\/v2\/pages\/8245","targetHints":{"allow":["GET"]}}],"collection":[{"href":"https:\/\/l2eva.vip\/2\/wp-json\/wp\/v2\/pages"}],"about":[{"href":"https:\/\/l2eva.vip\/2\/wp-json\/wp\/v2\/types\/page"}],"author":[{"embeddable":true,"href":"https:\/\/l2eva.vip\/2\/wp-json\/wp\/v2\/users\/2"}],"replies":[{"embeddable":true,"href":"https:\/\/l2eva.vip\/2\/wp-json\/wp\/v2\/comments?post=8245"}],"version-history":[{"count":12,"href":"https:\/\/l2eva.vip\/2\/wp-json\/wp\/v2\/pages\/8245\/revisions"}],"predecessor-version":[{"id":8327,"href":"https:\/\/l2eva.vip\/2\/wp-json\/wp\/v2\/pages\/8245\/revisions\/8327"}],"up":[{"embeddable":true,"href":"https:\/\/l2eva.vip\/2\/wp-json\/wp\/v2\/pages\/5431"}],"wp:featuredmedia":[{"embeddable":true,"href":"https:\/\/l2eva.vip\/2\/wp-json\/wp\/v2\/media\/2654"}],"wp:attachment":[{"href":"https:\/\/l2eva.vip\/2\/wp-json\/wp\/v2\/media?parent=8245"}],"curies":[{"name":"wp","href":"https:\/\/api.w.org\/{rel}","templated":true}]}}